{"id":25,"date":"2012-06-13T10:52:39","date_gmt":"2012-06-13T10:52:39","guid":{"rendered":"http:\/\/how-to-wow.hura.hr\/?page_id=25"},"modified":"2024-12-16T12:07:04","modified_gmt":"2024-12-16T12:07:04","slug":"kotizacije","status":"publish","type":"page","link":"https:\/\/hura.hr\/howtowow\/kotizacije\/","title":{"rendered":"Kotizacije"},"content":{"rendered":"<h1>Kotizacije<\/h1>\n<h2><\/h2>\n<p>&nbsp;<\/p>\n<table>\n<tbody>\n<tr>\n<td>Pojedina\u010dna kotizacija<\/td>\n<td class=\"textright\">999 kn<\/td>\n<\/tr>\n<\/tbody>\n<\/table>\n<p>&nbsp;<\/p>\n<h2>HURA \u010dlanovi i klijenti \u010dlanica HURA-e (paketi)<\/h2>\n<table>\n<tbody>\n<tr>\n<td>Pojedina\u010dna kotizacija za sve radionice (1 kotizacija za svih 8 radionica)<\/td>\n<td class=\"textright\">4.999 kn<\/td>\n<\/tr>\n<tr>\n<td>Grupna kotizacija za sve radionice (10 kotizacija za svih 8 radionica)<\/td>\n<td class=\"textright\">27.500 kn<\/td>\n<\/tr>\n<\/tbody>\n<\/table>\n<p>&nbsp;<\/p>\n<h2>Studenti<\/h2>\n<table>\n<tbody>\n<tr>\n<td>Pojedina\u010dna kotizacija (studenti do 26 godina, uz predo\u010denje indeksa)<\/td>\n<td class=\"textright\">499 kn<\/td>\n<\/tr>\n<\/tbody>\n<\/table>\n<p>&nbsp;<\/p>\n<p>* Kotizacija uklju\u010duje kavu, snack i light lunch<br \/>\n<!--** PDV nije ura\u010dunat u cijenu kotizacije. Tro\u0161kove inozemnih banaka snosi sam korisnik.--><\/p>\n<hr \/>\n<p>&nbsp;<\/p>\n<h2>Prijava<\/h2>\n<p><a href=\"http:\/\/how-to-wow.hura.hr\/prijava\/\">Prijavite se za sudjelovanje!<\/a><\/p>\n","protected":false},"excerpt":{"rendered":"<p>Kotizacije &nbsp; Pojedina\u010dna kotizacija 999 kn &nbsp; HURA \u010dlanovi i klijenti \u010dlanica HURA-e (paketi) Pojedina\u010dna kotizacija za sve radionice (1 kotizacija za svih 8 radionica)&#8230;<\/p>\n","protected":false},"author":20,"featured_media":0,"parent":0,"menu_order":0,"comment_status":"open","ping_status":"closed","template":"page-templates\/sign-in.php","meta":{"_acf_changed":false,"footnotes":""},"class_list":["post-25","page","type-page","status-publish","hentry"],"yoast_head":"<!-- This site is optimized with the Yoast SEO plugin v27.0 - https:\/\/yoast.com\/product\/yoast-seo-wordpress\/ -->\n<title>Kotizacije - HOWtoWOW<\/title>\n<meta name=\"robots\" content=\"index, follow, max-snippet:-1, max-image-preview:large, max-video-preview:-1\" \/>\n<link rel=\"canonical\" href=\"https:\/\/hura.hr\/howtowow\/kotizacije\/\" \/>\n<meta property=\"og:locale\" content=\"en_US\" \/>\n<meta property=\"og:type\" content=\"article\" \/>\n<meta property=\"og:title\" content=\"Kotizacije - HOWtoWOW\" \/>\n<meta property=\"og:description\" content=\"Kotizacije &nbsp; Pojedina\u010dna kotizacija 999 kn &nbsp; HURA \u010dlanovi i klijenti \u010dlanica HURA-e (paketi) Pojedina\u010dna kotizacija za sve radionice (1 kotizacija za svih 8 radionica)...\" \/>\n<meta property=\"og:url\" content=\"https:\/\/hura.hr\/howtowow\/kotizacije\/\" \/>\n<meta property=\"og:site_name\" content=\"HOWtoWOW\" \/>\n<meta property=\"article:modified_time\" content=\"2024-12-16T12:07:04+00:00\" \/>\n<meta name=\"twitter:card\" content=\"summary_large_image\" \/>\n<meta name=\"twitter:label1\" content=\"Est. reading time\" \/>\n\t<meta name=\"twitter:data1\" content=\"1 minute\" \/>\n<script type=\"application\/ld+json\" class=\"yoast-schema-graph\">{\"@context\":\"https:\/\/schema.org\",\"@graph\":[{\"@type\":\"WebPage\",\"@id\":\"https:\/\/hura.hr\/howtowow\/kotizacije\/\",\"url\":\"https:\/\/hura.hr\/howtowow\/kotizacije\/\",\"name\":\"Kotizacije - HOWtoWOW\",\"isPartOf\":{\"@id\":\"https:\/\/hura.hr\/howtowow\/#website\"},\"datePublished\":\"2012-06-13T10:52:39+00:00\",\"dateModified\":\"2024-12-16T12:07:04+00:00\",\"breadcrumb\":{\"@id\":\"https:\/\/hura.hr\/howtowow\/kotizacije\/#breadcrumb\"},\"inLanguage\":\"en-US\",\"potentialAction\":[{\"@type\":\"ReadAction\",\"target\":[\"https:\/\/hura.hr\/howtowow\/kotizacije\/\"]}]},{\"@type\":\"BreadcrumbList\",\"@id\":\"https:\/\/hura.hr\/howtowow\/kotizacije\/#breadcrumb\",\"itemListElement\":[{\"@type\":\"ListItem\",\"position\":1,\"name\":\"Po\u010detna stranica\",\"item\":\"https:\/\/hura.hr\/howtowow\/\"},{\"@type\":\"ListItem\",\"position\":2,\"name\":\"Kotizacije\"}]},{\"@type\":\"WebSite\",\"@id\":\"https:\/\/hura.hr\/howtowow\/#website\",\"url\":\"https:\/\/hura.hr\/howtowow\/\",\"name\":\"HOWtoWOW\",\"description\":\"\",\"potentialAction\":[{\"@type\":\"SearchAction\",\"target\":{\"@type\":\"EntryPoint\",\"urlTemplate\":\"https:\/\/hura.hr\/howtowow\/?s={search_term_string}\"},\"query-input\":{\"@type\":\"PropertyValueSpecification\",\"valueRequired\":true,\"valueName\":\"search_term_string\"}}],\"inLanguage\":\"en-US\"}]}<\/script>\n<!-- \/ Yoast SEO plugin. -->","yoast_head_json":{"title":"Kotizacije - HOWtoWOW","robots":{"index":"index","follow":"follow","max-snippet":"max-snippet:-1","max-image-preview":"max-image-preview:large","max-video-preview":"max-video-preview:-1"},"canonical":"https:\/\/hura.hr\/howtowow\/kotizacije\/","og_locale":"en_US","og_type":"article","og_title":"Kotizacije - HOWtoWOW","og_description":"Kotizacije &nbsp; Pojedina\u010dna kotizacija 999 kn &nbsp; HURA \u010dlanovi i klijenti \u010dlanica HURA-e (paketi) Pojedina\u010dna kotizacija za sve radionice (1 kotizacija za svih 8 radionica)...","og_url":"https:\/\/hura.hr\/howtowow\/kotizacije\/","og_site_name":"HOWtoWOW","article_modified_time":"2024-12-16T12:07:04+00:00","twitter_card":"summary_large_image","twitter_misc":{"Est. reading time":"1 minute"},"schema":{"@context":"https:\/\/schema.org","@graph":[{"@type":"WebPage","@id":"https:\/\/hura.hr\/howtowow\/kotizacije\/","url":"https:\/\/hura.hr\/howtowow\/kotizacije\/","name":"Kotizacije - HOWtoWOW","isPartOf":{"@id":"https:\/\/hura.hr\/howtowow\/#website"},"datePublished":"2012-06-13T10:52:39+00:00","dateModified":"2024-12-16T12:07:04+00:00","breadcrumb":{"@id":"https:\/\/hura.hr\/howtowow\/kotizacije\/#breadcrumb"},"inLanguage":"en-US","potentialAction":[{"@type":"ReadAction","target":["https:\/\/hura.hr\/howtowow\/kotizacije\/"]}]},{"@type":"BreadcrumbList","@id":"https:\/\/hura.hr\/howtowow\/kotizacije\/#breadcrumb","itemListElement":[{"@type":"ListItem","position":1,"name":"Po\u010detna stranica","item":"https:\/\/hura.hr\/howtowow\/"},{"@type":"ListItem","position":2,"name":"Kotizacije"}]},{"@type":"WebSite","@id":"https:\/\/hura.hr\/howtowow\/#website","url":"https:\/\/hura.hr\/howtowow\/","name":"HOWtoWOW","description":"","potentialAction":[{"@type":"SearchAction","target":{"@type":"EntryPoint","urlTemplate":"https:\/\/hura.hr\/howtowow\/?s={search_term_string}"},"query-input":{"@type":"PropertyValueSpecification","valueRequired":true,"valueName":"search_term_string"}}],"inLanguage":"en-US"}]}},"acf":[],"_links":{"self":[{"href":"https:\/\/hura.hr\/howtowow\/wp-json\/wp\/v2\/pages\/25","targetHints":{"allow":["GET"]}}],"collection":[{"href":"https:\/\/hura.hr\/howtowow\/wp-json\/wp\/v2\/pages"}],"about":[{"href":"https:\/\/hura.hr\/howtowow\/wp-json\/wp\/v2\/types\/page"}],"author":[{"embeddable":true,"href":"https:\/\/hura.hr\/howtowow\/wp-json\/wp\/v2\/users\/20"}],"replies":[{"embeddable":true,"href":"https:\/\/hura.hr\/howtowow\/wp-json\/wp\/v2\/comments?post=25"}],"version-history":[{"count":0,"href":"https:\/\/hura.hr\/howtowow\/wp-json\/wp\/v2\/pages\/25\/revisions"}],"wp:attachment":[{"href":"https:\/\/hura.hr\/howtowow\/wp-json\/wp\/v2\/media?parent=25"}],"curies":[{"name":"wp","href":"https:\/\/api.w.org\/{rel}","templated":true}]}}