{"id":63,"date":"2012-06-14T07:58:27","date_gmt":"2012-06-14T07:58:27","guid":{"rendered":"http:\/\/how-to-wow.hura.hr\/?page_id=63"},"modified":"2023-07-26T09:22:18","modified_gmt":"2023-07-26T09:22:18","slug":"kontakt","status":"publish","type":"page","link":"https:\/\/hura.hr\/howtowow\/kontakt\/","title":{"rendered":"Kontakt"},"content":{"rendered":"<h1>Kontakt<\/h1>\n<p>Za sve bitne (i nebitne) informacije, slobodno nas kontaktirajte putem e-maila <strong><a href=\"mailto:h2w@hura.hr\">h2w@hura.hr<\/a><\/strong><\/p>\n<p>&nbsp;<\/p>\n<h1>Impressum<\/h1>\n<p>Zahvaljujemo svim suradnicama i suradnicima koji su vlastitim trudom i vizijom omogu\u0107ili pokretanje i ostvarenje ovog svima korisnog projekta!<\/p>\n<p>Queen of parade (izvr\u0161na direktorica): <strong>Dunja Ivana Ballon<\/strong><br \/>\nIn charge (voditeljica projekta):<strong>\u00a0Helena Fuker<br \/>\n<\/strong>With a big help of (art direktorica): <strong>Natalija Najjar\u00a0<\/strong><strong><br \/>\n<\/strong><\/p>\n<p>Crea(c)tion (website):\u00a0<strong>Degordian<\/strong><\/p>\n<p>&nbsp;<\/p>\n<h1>Organizator<\/h1>\n<p>HURA je vode\u0107a strukovna udruga sektora marketinga i tr\u017ei\u0161nih komunikacija u Hrvatskoj. \u010clanice HURA-e neke su od najboljih i najnagra\u0111ivanijih doma\u0107ih agencija. HURA organizira nacionalni festival tr\u017ei\u0161nog komuniciranja Dane komunikacija s pripadaju\u0107im natjecanjima Effie, IdejaX, MIXX i Young Lions, regionalnu reviju reklamnih agencija BalCannes, redovne edukacije i mnoge druge projekte. Bori se za pobolj\u0161anje tr\u017ei\u0161nih uvjeta i napredak \u010ditave industrije, \u0161to uklju\u010duje lobisti\u010dke aktivnosti, pregovaranje sa zakonodavcem, promociju struke, brojna istra\u017eivanja i statistike u industriji, savjetovanje i drugo. Izvan granica djeluje u sklopu svjetskog udru\u017eenja agencija VoxComm, EACA-e (Europskog udru\u017eenja agencija za tr\u017ei\u0161no komuniciranje), ekskluzivni je predstavnik organizacija Cannes Lions i Effie Worldwide za Hrvatsku te je kroz Interactive Advertising Bureau (IAB) Croatia dio svjetske mre\u017ee IAB Global Network. Vi\u0161e informacija na <a href=\"http:\/\/www.hura.hr\">www.hura.hr<\/a>.<\/p>\n","protected":false},"excerpt":{"rendered":"<p>Kontakt Za sve bitne (i nebitne) informacije, slobodno nas kontaktirajte putem e-maila h2w@hura.hr &nbsp; Impressum Zahvaljujemo svim suradnicama i suradnicima koji su vlastitim trudom i&#8230;<\/p>\n","protected":false},"author":20,"featured_media":0,"parent":0,"menu_order":0,"comment_status":"open","ping_status":"closed","template":"","meta":{"_acf_changed":false,"footnotes":""},"class_list":["post-63","page","type-page","status-publish","hentry"],"yoast_head":"<!-- This site is optimized with the Yoast SEO plugin v27.0 - https:\/\/yoast.com\/product\/yoast-seo-wordpress\/ -->\n<title>Kontakt - HOWtoWOW<\/title>\n<meta name=\"robots\" content=\"index, follow, max-snippet:-1, max-image-preview:large, max-video-preview:-1\" \/>\n<link rel=\"canonical\" href=\"https:\/\/hura.hr\/howtowow\/kontakt\/\" \/>\n<meta property=\"og:locale\" content=\"en_US\" \/>\n<meta property=\"og:type\" content=\"article\" \/>\n<meta property=\"og:title\" content=\"Kontakt - HOWtoWOW\" \/>\n<meta property=\"og:description\" content=\"Kontakt Za sve bitne (i nebitne) informacije, slobodno nas kontaktirajte putem e-maila h2w@hura.hr &nbsp; Impressum Zahvaljujemo svim suradnicama i suradnicima koji su vlastitim trudom i...\" \/>\n<meta property=\"og:url\" content=\"https:\/\/hura.hr\/howtowow\/kontakt\/\" \/>\n<meta property=\"og:site_name\" content=\"HOWtoWOW\" \/>\n<meta property=\"article:modified_time\" content=\"2023-07-26T09:22:18+00:00\" \/>\n<meta name=\"twitter:card\" content=\"summary_large_image\" \/>\n<meta name=\"twitter:label1\" content=\"Est. reading time\" \/>\n\t<meta name=\"twitter:data1\" content=\"1 minute\" \/>\n<script type=\"application\/ld+json\" class=\"yoast-schema-graph\">{\"@context\":\"https:\/\/schema.org\",\"@graph\":[{\"@type\":\"WebPage\",\"@id\":\"https:\/\/hura.hr\/howtowow\/kontakt\/\",\"url\":\"https:\/\/hura.hr\/howtowow\/kontakt\/\",\"name\":\"Kontakt - HOWtoWOW\",\"isPartOf\":{\"@id\":\"https:\/\/hura.hr\/howtowow\/#website\"},\"datePublished\":\"2012-06-14T07:58:27+00:00\",\"dateModified\":\"2023-07-26T09:22:18+00:00\",\"breadcrumb\":{\"@id\":\"https:\/\/hura.hr\/howtowow\/kontakt\/#breadcrumb\"},\"inLanguage\":\"en-US\",\"potentialAction\":[{\"@type\":\"ReadAction\",\"target\":[\"https:\/\/hura.hr\/howtowow\/kontakt\/\"]}]},{\"@type\":\"BreadcrumbList\",\"@id\":\"https:\/\/hura.hr\/howtowow\/kontakt\/#breadcrumb\",\"itemListElement\":[{\"@type\":\"ListItem\",\"position\":1,\"name\":\"Po\u010detna stranica\",\"item\":\"https:\/\/hura.hr\/howtowow\/\"},{\"@type\":\"ListItem\",\"position\":2,\"name\":\"Kontakt\"}]},{\"@type\":\"WebSite\",\"@id\":\"https:\/\/hura.hr\/howtowow\/#website\",\"url\":\"https:\/\/hura.hr\/howtowow\/\",\"name\":\"HOWtoWOW\",\"description\":\"\",\"potentialAction\":[{\"@type\":\"SearchAction\",\"target\":{\"@type\":\"EntryPoint\",\"urlTemplate\":\"https:\/\/hura.hr\/howtowow\/?s={search_term_string}\"},\"query-input\":{\"@type\":\"PropertyValueSpecification\",\"valueRequired\":true,\"valueName\":\"search_term_string\"}}],\"inLanguage\":\"en-US\"}]}<\/script>\n<!-- \/ Yoast SEO plugin. -->","yoast_head_json":{"title":"Kontakt - HOWtoWOW","robots":{"index":"index","follow":"follow","max-snippet":"max-snippet:-1","max-image-preview":"max-image-preview:large","max-video-preview":"max-video-preview:-1"},"canonical":"https:\/\/hura.hr\/howtowow\/kontakt\/","og_locale":"en_US","og_type":"article","og_title":"Kontakt - HOWtoWOW","og_description":"Kontakt Za sve bitne (i nebitne) informacije, slobodno nas kontaktirajte putem e-maila h2w@hura.hr &nbsp; Impressum Zahvaljujemo svim suradnicama i suradnicima koji su vlastitim trudom i...","og_url":"https:\/\/hura.hr\/howtowow\/kontakt\/","og_site_name":"HOWtoWOW","article_modified_time":"2023-07-26T09:22:18+00:00","twitter_card":"summary_large_image","twitter_misc":{"Est. reading time":"1 minute"},"schema":{"@context":"https:\/\/schema.org","@graph":[{"@type":"WebPage","@id":"https:\/\/hura.hr\/howtowow\/kontakt\/","url":"https:\/\/hura.hr\/howtowow\/kontakt\/","name":"Kontakt - HOWtoWOW","isPartOf":{"@id":"https:\/\/hura.hr\/howtowow\/#website"},"datePublished":"2012-06-14T07:58:27+00:00","dateModified":"2023-07-26T09:22:18+00:00","breadcrumb":{"@id":"https:\/\/hura.hr\/howtowow\/kontakt\/#breadcrumb"},"inLanguage":"en-US","potentialAction":[{"@type":"ReadAction","target":["https:\/\/hura.hr\/howtowow\/kontakt\/"]}]},{"@type":"BreadcrumbList","@id":"https:\/\/hura.hr\/howtowow\/kontakt\/#breadcrumb","itemListElement":[{"@type":"ListItem","position":1,"name":"Po\u010detna stranica","item":"https:\/\/hura.hr\/howtowow\/"},{"@type":"ListItem","position":2,"name":"Kontakt"}]},{"@type":"WebSite","@id":"https:\/\/hura.hr\/howtowow\/#website","url":"https:\/\/hura.hr\/howtowow\/","name":"HOWtoWOW","description":"","potentialAction":[{"@type":"SearchAction","target":{"@type":"EntryPoint","urlTemplate":"https:\/\/hura.hr\/howtowow\/?s={search_term_string}"},"query-input":{"@type":"PropertyValueSpecification","valueRequired":true,"valueName":"search_term_string"}}],"inLanguage":"en-US"}]}},"acf":[],"_links":{"self":[{"href":"https:\/\/hura.hr\/howtowow\/wp-json\/wp\/v2\/pages\/63","targetHints":{"allow":["GET"]}}],"collection":[{"href":"https:\/\/hura.hr\/howtowow\/wp-json\/wp\/v2\/pages"}],"about":[{"href":"https:\/\/hura.hr\/howtowow\/wp-json\/wp\/v2\/types\/page"}],"author":[{"embeddable":true,"href":"https:\/\/hura.hr\/howtowow\/wp-json\/wp\/v2\/users\/20"}],"replies":[{"embeddable":true,"href":"https:\/\/hura.hr\/howtowow\/wp-json\/wp\/v2\/comments?post=63"}],"version-history":[{"count":0,"href":"https:\/\/hura.hr\/howtowow\/wp-json\/wp\/v2\/pages\/63\/revisions"}],"wp:attachment":[{"href":"https:\/\/hura.hr\/howtowow\/wp-json\/wp\/v2\/media?parent=63"}],"curies":[{"name":"wp","href":"https:\/\/api.w.org\/{rel}","templated":true}]}}